{"id":1685,"date":"2025-09-17T16:04:32","date_gmt":"2025-09-17T16:04:32","guid":{"rendered":"https:\/\/hsg-freising.de\/studying-with-a-child\/"},"modified":"2025-09-17T16:05:44","modified_gmt":"2025-09-17T16:05:44","slug":"studying-with-a-child","status":"publish","type":"page","link":"https:\/\/hsg-freising.de\/en\/studying-with-a-child\/","title":{"rendered":"Studying with a child"},"content":{"rendered":"<p>[et_pb_section fb_built=&#8221;1&#8243; fullwidth=&#8221;on&#8221; _builder_version=&#8221;4.27.0&#8243; _module_preset=&#8221;default&#8221; global_colors_info=&#8221;{}&#8221; theme_builder_area=&#8221;post_content&#8221;][et_pb_fullwidth_slider admin_label=&#8221;Header mit Hintergrundbild und Text&#8221; _builder_version=&#8221;4.27.4&#8243; _module_preset=&#8221;default&#8221; header_text_color=&#8221;#FFFFFF&#8221; background_enable_image=&#8221;off&#8221; hover_enabled=&#8221;0&#8243; global_colors_info=&#8221;{}&#8221; theme_builder_area=&#8221;post_content&#8221; sticky_enabled=&#8221;0&#8243;][et_pb_slide heading=&#8221;Studying with a child&#8221; _builder_version=&#8221;4.27.4&#8243; _module_preset=&#8221;default&#8221; background_image=&#8221;https:\/\/hsg-freising.de\/wp-content\/uploads\/2024\/09\/studierenmitkind.jpg&#8221; background_enable_image=&#8221;on&#8221; background_position=&#8221;center_right&#8221; background_horizontal_offset=&#8221;22%&#8221; hover_enabled=&#8221;0&#8243; global_colors_info=&#8221;{}&#8221; sticky_transition=&#8221;on&#8221; theme_builder_area=&#8221;post_content&#8221; title_text=&#8221;studierenmitkind&#8221; sticky_enabled=&#8221;0&#8243;][\/et_pb_slide][\/et_pb_fullwidth_slider][\/et_pb_section][et_pb_section fb_built=&#8221;1&#8243; _builder_version=&#8221;4.16&#8243; global_colors_info=&#8221;{}&#8221; theme_builder_area=&#8221;post_content&#8221;][et_pb_row _builder_version=&#8221;4.16&#8243; background_size=&#8221;initial&#8221; background_position=&#8221;top_left&#8221; background_repeat=&#8221;repeat&#8221; global_colors_info=&#8221;{}&#8221; theme_builder_area=&#8221;post_content&#8221;][et_pb_column type=&#8221;4_4&#8243; _builder_version=&#8221;4.16&#8243; custom_padding=&#8221;|||&#8221; global_colors_info=&#8221;{}&#8221; custom_padding__hover=&#8221;|||&#8221; theme_builder_area=&#8221;post_content&#8221;][et_pb_text admin_label=&#8221;Studieren mit Kind&#8221; _builder_version=&#8221;4.27.4&#8243; _module_preset=&#8221;default&#8221; header_font=&#8221;Rebel||||||||&#8221; hover_enabled=&#8221;0&#8243; global_colors_info=&#8221;{}&#8221; theme_builder_area=&#8221;post_content&#8221; sticky_enabled=&#8221;0&#8243;]<\/p>\n<h1>Studying with a child<\/h1>\n<p style=\"font-weight: 400;\">Studying with a small child is a very special challenge. Damit das nicht nur irgendwie gelingt, sondern auch Spa\u00df macht, hilft es, sich mit anderen jungen Eltern zusammenzutun. At our meetings of (expectant) mothers and fathers, we exchange experiences and information. Wir sind offen f\u00fcr alle Ideen, die jungen M\u00fcttern und V\u00e4tern am Campus den Studien- und Arbeitsalltag erleichtern und Freude machen.<\/p>\n<p style=\"font-weight: 400;\">Once a semester, the advisor from the Munich Student Union comes to our house and is available to answer all questions about financing, childcare and other help.<\/p>\n<p><strong>DATE<\/strong>: OCTOBER 23 15:00 &#8211; 16:30<br \/><strong>LOCATION<\/strong>: HSG, Hohenbachernstr. 9, Freising<\/p>\n<p><strong>Speaker: <\/strong>Sonja Simnacher, STWM, counseling center for pregnant women and students with children<br \/><strong>Registration: <\/strong>not necessary &#8211; just drop by!<\/p>\n<p><em>Further meetings can be arranged individually.<\/em><\/p>\n<p>&nbsp;<\/p>\n<p>[\/et_pb_text][\/et_pb_column][\/et_pb_row][\/et_pb_section]<\/p>\n","protected":false},"excerpt":{"rendered":"<p>Studying with a child Studying with a small child is a very special challenge. Damit das nicht nur irgendwie gelingt, sondern auch Spa\u00df macht, hilft es, sich mit anderen jungen Eltern zusammenzutun. At our meetings of (expectant) mothers and fathers, we exchange experiences and information. Wir sind offen f\u00fcr alle Ideen, die jungen M\u00fcttern und [&hellip;]<\/p>\n","protected":false},"author":1,"featured_media":0,"parent":0,"menu_order":0,"comment_status":"closed","ping_status":"closed","template":"","meta":{"_et_pb_use_builder":"on","_et_pb_old_content":"","_et_gb_content_width":"","footnotes":""},"class_list":["post-1685","page","type-page","status-publish","hentry"],"_links":{"self":[{"href":"https:\/\/hsg-freising.de\/en\/wp-json\/wp\/v2\/pages\/1685","targetHints":{"allow":["GET"]}}],"collection":[{"href":"https:\/\/hsg-freising.de\/en\/wp-json\/wp\/v2\/pages"}],"about":[{"href":"https:\/\/hsg-freising.de\/en\/wp-json\/wp\/v2\/types\/page"}],"author":[{"embeddable":true,"href":"https:\/\/hsg-freising.de\/en\/wp-json\/wp\/v2\/users\/1"}],"replies":[{"embeddable":true,"href":"https:\/\/hsg-freising.de\/en\/wp-json\/wp\/v2\/comments?post=1685"}],"version-history":[{"count":2,"href":"https:\/\/hsg-freising.de\/en\/wp-json\/wp\/v2\/pages\/1685\/revisions"}],"predecessor-version":[{"id":1688,"href":"https:\/\/hsg-freising.de\/en\/wp-json\/wp\/v2\/pages\/1685\/revisions\/1688"}],"wp:attachment":[{"href":"https:\/\/hsg-freising.de\/en\/wp-json\/wp\/v2\/media?parent=1685"}],"curies":[{"name":"wp","href":"https:\/\/api.w.org\/{rel}","templated":true}]}}